{"id":139,"date":"2018-12-28T09:29:10","date_gmt":"2018-12-28T08:29:10","guid":{"rendered":"http:\/\/xn--feuerwehr-bersaxen-v6b.at\/?page_id=139"},"modified":"2019-01-12T11:51:15","modified_gmt":"2019-01-12T10:51:15","slug":"fahrzeuge","status":"publish","type":"page","link":"https:\/\/xn--feuerwehr-bersaxen-v6b.at\/index.php\/die-feuerwehr\/fahrzeuge\/","title":{"rendered":"Fahrzeuge"},"content":{"rendered":"<p><span style=\"font-family: arial, helvetica, sans-serif; font-size: 12pt;\">Die Feuerwehr \u00dcbersaxen besitzt zwei Einsatzfahrzeuge, dabei handelt sich um ein Tankl\u00f6schfahrzeug TLFA 2000 der Marke Mercedes aufgebaut von der Firma Rosenbauer und um ein L\u00f6schfahrzeug LFA der Marke Iveco, aufgebaut von der Firma Walser.<\/span><\/p>\n<p>&nbsp;<\/p>\n<p><span style=\"font-family: arial, helvetica, sans-serif; font-size: 14pt;\"><span style=\"font-size: 12pt;\">Klicken Sie auf eines der Fahrzeuge im folgenden Foto, um&nbsp;detaillierte&nbsp;Informationen zu erhalten, oder w\u00e4hlen Sie eines der Fahrzeug aus.<\/span><br \/>\n<\/span><\/p>\n<p>&nbsp;<\/p>\n<p>&nbsp;<\/p>\n<p><a href=\"https:\/\/xn--feuerwehr-bersaxen-v6b.at\/index.php\/die-feuerwehr\/fahrzeuge\/tankloeschfahrzeug\/\"><img loading=\"lazy\" decoding=\"async\" class=\"alignleft wp-image-391\" src=\"https:\/\/xn--feuerwehr-bersaxen-v6b.at\/wp-content\/uploads\/2018\/12\/tlfa-2000.jpg\" alt=\"\" width=\"270\" height=\"203\" srcset=\"https:\/\/xn--feuerwehr-bersaxen-v6b.at\/wp-content\/uploads\/2018\/12\/tlfa-2000.jpg 400w, https:\/\/xn--feuerwehr-bersaxen-v6b.at\/wp-content\/uploads\/2018\/12\/tlfa-2000-300x225.jpg 300w\" sizes=\"auto, (max-width: 270px) 100vw, 270px\" \/><\/a><\/p>\n<p>&nbsp;<\/p>\n<p><strong><a href=\"https:\/\/xn--feuerwehr-bersaxen-v6b.at\/index.php\/die-feuerwehr\/fahrzeuge\/tankloeschfahrzeug\/\"><span style=\"font-size: 18pt;\"><span style=\"font-family: arial, helvetica, sans-serif; color: #ff0000;\">Tankl\u00f6schfahrzeug&nbsp;<\/span><span style=\"font-family: arial, helvetica, sans-serif;\"><span style=\"color: #ff0000;\">TLFA 2000<\/span><\/span><\/span><\/a><\/strong><\/p>\n<p>&nbsp;<\/p>\n<p>&nbsp;<\/p>\n<p>&nbsp;<\/p>\n<p>&nbsp;<\/p>\n<p>&nbsp;<\/p>\n<p>&nbsp;<\/p>\n<p><a href=\"https:\/\/xn--feuerwehr-bersaxen-v6b.at\/index.php\/die-feuerwehr\/fahrzeuge\/loeschfahrzeug-lfa\/\"><img loading=\"lazy\" decoding=\"async\" class=\"wp-image-389 size-full alignleft\" src=\"https:\/\/xn--feuerwehr-bersaxen-v6b.at\/wp-content\/uploads\/2018\/12\/LFA-e1546196237332.jpeg\" alt=\"\" width=\"270\" height=\"211\"><\/a><\/p>\n<p>&nbsp;<\/p>\n<p><strong><a href=\"https:\/\/xn--feuerwehr-bersaxen-v6b.at\/index.php\/die-feuerwehr\/fahrzeuge\/loeschfahrzeug-lfa\/\"><span style=\"font-size: 18pt; font-family: arial, helvetica, sans-serif; color: #ff0000;\">L\u00f6schfahrzeug <\/span><span style=\"font-size: 18pt; font-family: arial, helvetica, sans-serif;\"><span style=\"color: #ff0000;\">LFA<\/span><\/span><\/a><\/strong><\/p>\n<p>&nbsp;<\/p>\n","protected":false},"excerpt":{"rendered":"<p>Die Feuerwehr \u00dcbersaxen besitzt zwei Einsatzfahrzeuge, dabei handelt sich um ein Tankl\u00f6schfahrzeug TLFA 2000 der Marke Mercedes aufgebaut von der Firma Rosenbauer und um ein L\u00f6schfahrzeug LFA der Marke Iveco, aufgebaut von der Firma Walser. &nbsp; Klicken Sie auf eines der Fahrzeuge im folgenden Foto, um&nbsp;detaillierte&nbsp;Informationen zu erhalten, oder w\u00e4hlen Sie eines der Fahrzeug aus. &nbsp; &nbsp; &nbsp; Tankl\u00f6schfahrzeug&nbsp;TLFA 2000<\/p>\n","protected":false},"author":1,"featured_media":0,"parent":129,"menu_order":3,"comment_status":"closed","ping_status":"closed","template":"","meta":{"ngg_post_thumbnail":0,"footnotes":""},"class_list":["post-139","page","type-page","status-publish","hentry"],"_links":{"self":[{"href":"https:\/\/xn--feuerwehr-bersaxen-v6b.at\/index.php\/wp-json\/wp\/v2\/pages\/139","targetHints":{"allow":["GET"]}}],"collection":[{"href":"https:\/\/xn--feuerwehr-bersaxen-v6b.at\/index.php\/wp-json\/wp\/v2\/pages"}],"about":[{"href":"https:\/\/xn--feuerwehr-bersaxen-v6b.at\/index.php\/wp-json\/wp\/v2\/types\/page"}],"author":[{"embeddable":true,"href":"https:\/\/xn--feuerwehr-bersaxen-v6b.at\/index.php\/wp-json\/wp\/v2\/users\/1"}],"replies":[{"embeddable":true,"href":"https:\/\/xn--feuerwehr-bersaxen-v6b.at\/index.php\/wp-json\/wp\/v2\/comments?post=139"}],"version-history":[{"count":25,"href":"https:\/\/xn--feuerwehr-bersaxen-v6b.at\/index.php\/wp-json\/wp\/v2\/pages\/139\/revisions"}],"predecessor-version":[{"id":942,"href":"https:\/\/xn--feuerwehr-bersaxen-v6b.at\/index.php\/wp-json\/wp\/v2\/pages\/139\/revisions\/942"}],"up":[{"embeddable":true,"href":"https:\/\/xn--feuerwehr-bersaxen-v6b.at\/index.php\/wp-json\/wp\/v2\/pages\/129"}],"wp:attachment":[{"href":"https:\/\/xn--feuerwehr-bersaxen-v6b.at\/index.php\/wp-json\/wp\/v2\/media?parent=139"}],"curies":[{"name":"wp","href":"https:\/\/api.w.org\/{rel}","templated":true}]}}