{"id":141,"date":"2018-12-28T09:29:27","date_gmt":"2018-12-28T08:29:27","guid":{"rendered":"http:\/\/xn--feuerwehr-bersaxen-v6b.at\/?page_id=141"},"modified":"2023-01-22T17:20:26","modified_gmt":"2023-01-22T16:20:26","slug":"geraetehaus","status":"publish","type":"page","link":"https:\/\/xn--feuerwehr-bersaxen-v6b.at\/index.php\/die-feuerwehr\/geraetehaus\/","title":{"rendered":"Ger\u00e4tehaus"},"content":{"rendered":"<p>Das heutige Ger\u00e4tehaus der Feuerwehr \u00dcbersaxen wurde im Jahr 1994 unter der F\u00fchrung von Kommandant Vogt Meinhard erbaut. Durch tatkr\u00e4ftige Unterst\u00fctzung der Feuerwehrkameraden konnte das neue Geb\u00e4ude im Jahr 1995 feierlich eingeweiht werden. Das Ger\u00e4tehaus befindet sich im Dorfzentrum von \u00dcbersaxen. Heute steht den Feuerwehrm\u00e4nnern und \u2013frauen der \u00dcbersaxner Feuerwehr ein tolles und mit viel Eigenleistung in Stand gehaltenes Ger\u00e4tehaus f\u00fcr Versammlungen, \u00dcbungen und Schulungen, aber auch f\u00fcr Eins\u00e4tze und Festveranstaltungen zur Verf\u00fcgung.<\/p>\nngg_shortcode_0_placeholder\n<p>&nbsp;<\/p>\n<p><strong>Florianstation<\/strong><\/p>\n<p>Die Florianstation dient der Feuerwehr als Kommunikationszentrale bei Eins\u00e4tzen und \u00dcbungen. Zus\u00e4tzlich ist die Florianstation das Bindeglied zwischen Feuerwehr und Rettung- und Feuerwehrleitstelle. Neben einem Funkplatz, der mit einem taktischen- und einem B\u00fcndelfunkger\u00e4t ausgestattet ist, befindet sich auch ein vollausgestatteter EDV Arbeitsplatz mit Drucker und Faxger\u00e4t der f\u00fcr die anfallenden Verwaltungsaufgaben genutzt wird, zu Verf\u00fcgung. Die Florianstation steht auch als Besprechungsraum der Einsatzleitung bei Gro\u00dfschadenslagen wie Hochwassereins\u00e4tze zur Verf\u00fcgung.<\/p>\n<div>\nngg_shortcode_1_placeholder\n<\/div>\n<div>&nbsp;<\/div>\n<div>&nbsp;<\/div>\n<div><strong>Fahrzeughalle<\/strong><\/div>\n<div>Die Fahrzeughalle bietet Platz f\u00fcr unsere zwei Einsatzfahrzeuge. Eine st\u00e4ndige Strom- und Druckluftversorgung gew\u00e4hrleistet die Einsatzbereitschaft der Ger\u00e4tschaften und Fahrzeuge rund um die Uhr. Die Fahrzeughalle ist zugleich auch Umkleideraum f\u00fcr unsere Kameraden. Jedes Mitglied hat seine Schutzausr\u00fcstung, bestehend aus Schutzhelm, Einsatzjacke und Einsatzhose, Einsatzstiefel und der Dienstbekleidung in einem pers\u00f6nlichen Spind untergebracht.<\/div>\n<div>\nngg_shortcode_2_placeholder\n<\/div>\n<div>&nbsp;<\/div>\n<div>&nbsp;<\/div>\n<div><strong>Atemschutzraum<\/strong><\/div>\n<div>Nach jedem Einsatz und jeder \u00dcbung muss die Atemschutzausr\u00fcstung gereinigt und \u00fcberpr\u00fcft werden. Die Atemschutzmasken werden nach jeder Verwendung mit einem Desinfektionsmittel gewaschen, getrocknet und an einem Pr\u00fcfkopf auf Einsatztauglichkeit gepr\u00fcft. Die Aufr\u00fcstung bzw. der Austausch der leeren Atemluftflaschen erfolgt ebenfalls in diesem Raum.<\/div>\n<div>\nngg_shortcode_3_placeholder\n<\/div>\n<div>&nbsp;<\/div>\n<div>&nbsp;<\/div>\n<div><strong>Schlauchturm &#8211; Waschanlage<\/strong><\/div>\n<div>Nach jedem Einsatz und jeder \u00dcbung werden die verschmutzten Schl\u00e4uche in der Schlauchwaschanlage gewaschen und zum Trocknen im Schlauchturm aufgeh\u00e4ngt. Nach ein paar Tagen werden diese wieder abgenommen und im Lager f\u00fcr den n\u00e4chsten Einsatz aufbewahrt.Der Schlauchturm ist mit einem Aufzug ausger\u00fcstet, mit dem die nassen Schl\u00e4uche nach oben gezogen und aufgeh\u00e4ngt werden.<\/div>\n<div>\nngg_shortcode_4_placeholder\n<\/div>\n<div>&nbsp;<\/div>\n<div>&nbsp;<\/div>\n<div><strong>Lagerraum<\/strong><\/div>\n<div>Da in den Fahrzeugen nicht alles an Ger\u00e4tschaften und Materialien Platz findet, wird das eine oder andere Ger\u00e4t im Lagerraum gelagert. Ebenso finden Verbrauchsmaterialien wie \u00d6lbindemittel, die auf Reserve aufbewahrt werden, ihren Platz.<\/div>\n<div>\nngg_shortcode_5_placeholder\n<\/div>\n<div>&nbsp;<\/div>\n<div>&nbsp;<\/div>\n<div><strong>Schulungsraum<\/strong><\/div>\n<div>Der Schulungsraum bzw. Mannschaftsraum findet f\u00fcr Vieles seinen Nutzen. So wird er zum Beispiel f\u00fcr Mannschaftsbesprechungen oder Ausschusssitzungen genutzt. Es werden aber auch diverse Veranstaltungen und Schulungen f\u00fcr Ausbildungszwecke durchgef\u00fchrt. Der Schulungsraum ist mit einem Laptop, Projektor und einem TV-Anschluss ausgestattet. Die Nachbesprechungen der \u00dcbungen und Eins\u00e4tze werden ebenfalls im Schulungsraum abgehalten.<\/div>\n<div>\nngg_shortcode_6_placeholder\n<\/div>\n<div>&nbsp;<\/div>\n<div>&nbsp;<\/div>\n<div><strong>K\u00fcche<\/strong><\/div>\n<div>F\u00fcr die Verpflegung unserer Kameraden steht unserem Kantineur Breuss Wolfgang eine kleine K\u00fcche zur Verf\u00fcgung, der bei gr\u00f6\u00dferen \u00dcbung und Eins\u00e4tzen f\u00fcr hervorragende Verpflegung sorgt. Bei diversen Kameradschaftsabenden kann es schon mal sein, dass ein richtiges Men\u00fc zubereitet wird.<\/div>\n<div>\nngg_shortcode_7_placeholder\n<\/div>\n<div>&nbsp;<\/div>\n<div>&nbsp;<\/div>\n<div><strong>S F\u00fcrwehr St\u00fcble<\/strong><\/div>\n<div>\u00dcser St\u00fcble, das mit alten Feuerwehr-Utensilien ausgestattet ist, wird f\u00fcr kleinere Schulungen und Besprechungen wie Ausschusssitzungen genutzt. Von der Wettkampfgruppe werden ebenfalls Besprechungen oder kleinere Kameradschaftsabende nach dem Training in diesem Raum abgehalten.<\/div>\n<div>\nngg_shortcode_8_placeholder\n<\/div>\n","protected":false},"excerpt":{"rendered":"<p>Das heutige Ger\u00e4tehaus der Feuerwehr \u00dcbersaxen wurde im Jahr 1994 unter der F\u00fchrung von Kommandant Vogt Meinhard erbaut. Durch tatkr\u00e4ftige Unterst\u00fctzung der Feuerwehrkameraden konnte das neue Geb\u00e4ude im Jahr 1995 feierlich eingeweiht werden. Das Ger\u00e4tehaus befindet sich im Dorfzentrum von \u00dcbersaxen. Heute steht den Feuerwehrm\u00e4nnern und \u2013frauen der \u00dcbersaxner Feuerwehr ein tolles und mit viel Eigenleistung in Stand gehaltenes Ger\u00e4tehaus<\/p>\n","protected":false},"author":1,"featured_media":0,"parent":129,"menu_order":4,"comment_status":"closed","ping_status":"closed","template":"","meta":{"ngg_post_thumbnail":0,"footnotes":""},"class_list":["post-141","page","type-page","status-publish","hentry"],"_links":{"self":[{"href":"https:\/\/xn--feuerwehr-bersaxen-v6b.at\/index.php\/wp-json\/wp\/v2\/pages\/141","targetHints":{"allow":["GET"]}}],"collection":[{"href":"https:\/\/xn--feuerwehr-bersaxen-v6b.at\/index.php\/wp-json\/wp\/v2\/pages"}],"about":[{"href":"https:\/\/xn--feuerwehr-bersaxen-v6b.at\/index.php\/wp-json\/wp\/v2\/types\/page"}],"author":[{"embeddable":true,"href":"https:\/\/xn--feuerwehr-bersaxen-v6b.at\/index.php\/wp-json\/wp\/v2\/users\/1"}],"replies":[{"embeddable":true,"href":"https:\/\/xn--feuerwehr-bersaxen-v6b.at\/index.php\/wp-json\/wp\/v2\/comments?post=141"}],"version-history":[{"count":7,"href":"https:\/\/xn--feuerwehr-bersaxen-v6b.at\/index.php\/wp-json\/wp\/v2\/pages\/141\/revisions"}],"predecessor-version":[{"id":604,"href":"https:\/\/xn--feuerwehr-bersaxen-v6b.at\/index.php\/wp-json\/wp\/v2\/pages\/141\/revisions\/604"}],"up":[{"embeddable":true,"href":"https:\/\/xn--feuerwehr-bersaxen-v6b.at\/index.php\/wp-json\/wp\/v2\/pages\/129"}],"wp:attachment":[{"href":"https:\/\/xn--feuerwehr-bersaxen-v6b.at\/index.php\/wp-json\/wp\/v2\/media?parent=141"}],"curies":[{"name":"wp","href":"https:\/\/api.w.org\/{rel}","templated":true}]}}