{"id":148,"date":"2025-03-02T09:30:52","date_gmt":"2025-03-02T08:30:52","guid":{"rendered":"http:\/\/xn--feuerwehr-bersaxen-v6b.at\/?page_id=148"},"modified":"2026-03-31T17:17:44","modified_gmt":"2026-03-31T15:17:44","slug":"einsaetze","status":"publish","type":"page","link":"https:\/\/xn--feuerwehr-bersaxen-v6b.at\/index.php\/einsaetze\/","title":{"rendered":"Eins\u00e4tze 2026"},"content":{"rendered":"<p data-start=\"39\" data-end=\"53\"><strong data-start=\"39\" data-end=\"53\">Einsatz 01<\/strong><\/p>\n<p data-start=\"55\" data-end=\"185\">Am Sonntag, den 29.03.2026, wurde die Feuerwehr \u00dcbersaxen zu einem technischen Einsatz gerufen. Die Alarmierung lautete wie folgt:<\/p>\n<p data-start=\"187\" data-end=\"270\"><span style=\"font-family: arial, helvetica, sans-serif;\"><strong>T2 \u2013 \u00dcbersaxen, Gulmweg: Fahrzeugbergung, PKW droht abzurutschen \u2013 \u00d6AMTC vor Ort.<\/strong><\/span><\/p>\n<p data-start=\"272\" data-end=\"463\">Aufgrund der schneebedeckten Fahrbahn ist ein PKW \u00fcber den Stra\u00dfenrand gerutscht.<br data-start=\"353\" data-end=\"356\"><br \/>\nDer PKW wurde mittels Greifzug gesichert und mithilfe des L\u00f6schfahrzeuges wieder auf die Fahrbahn gebracht.<\/p>\n<p data-start=\"465\" data-end=\"582\">Im Einsatz standen die Feuerwehr \u00dcbersaxen mit dem L\u00f6schfahrzeug, eine Polizeistreife sowie ein Abschleppunternehmen.<\/p>\n<p>&nbsp;<\/p>\n","protected":false},"excerpt":{"rendered":"<p>Einsatz 01 Am Sonntag, den 29.03.2026, wurde die Feuerwehr \u00dcbersaxen zu einem technischen Einsatz gerufen. Die Alarmierung lautete wie folgt: T2 \u2013 \u00dcbersaxen, Gulmweg: Fahrzeugbergung, PKW droht abzurutschen \u2013 \u00d6AMTC vor Ort. Aufgrund der schneebedeckten Fahrbahn ist ein PKW \u00fcber den Stra\u00dfenrand gerutscht. Der PKW wurde mittels Greifzug gesichert und mithilfe des L\u00f6schfahrzeuges wieder auf die Fahrbahn gebracht. Im Einsatz<\/p>\n","protected":false},"author":1,"featured_media":0,"parent":0,"menu_order":0,"comment_status":"closed","ping_status":"closed","template":"","meta":{"ngg_post_thumbnail":0,"footnotes":""},"class_list":["post-148","page","type-page","status-publish","hentry"],"_links":{"self":[{"href":"https:\/\/xn--feuerwehr-bersaxen-v6b.at\/index.php\/wp-json\/wp\/v2\/pages\/148","targetHints":{"allow":["GET"]}}],"collection":[{"href":"https:\/\/xn--feuerwehr-bersaxen-v6b.at\/index.php\/wp-json\/wp\/v2\/pages"}],"about":[{"href":"https:\/\/xn--feuerwehr-bersaxen-v6b.at\/index.php\/wp-json\/wp\/v2\/types\/page"}],"author":[{"embeddable":true,"href":"https:\/\/xn--feuerwehr-bersaxen-v6b.at\/index.php\/wp-json\/wp\/v2\/users\/1"}],"replies":[{"embeddable":true,"href":"https:\/\/xn--feuerwehr-bersaxen-v6b.at\/index.php\/wp-json\/wp\/v2\/comments?post=148"}],"version-history":[{"count":35,"href":"https:\/\/xn--feuerwehr-bersaxen-v6b.at\/index.php\/wp-json\/wp\/v2\/pages\/148\/revisions"}],"predecessor-version":[{"id":2190,"href":"https:\/\/xn--feuerwehr-bersaxen-v6b.at\/index.php\/wp-json\/wp\/v2\/pages\/148\/revisions\/2190"}],"wp:attachment":[{"href":"https:\/\/xn--feuerwehr-bersaxen-v6b.at\/index.php\/wp-json\/wp\/v2\/media?parent=148"}],"curies":[{"name":"wp","href":"https:\/\/api.w.org\/{rel}","templated":true}]}}