{"id":150,"date":"2025-03-02T09:31:08","date_gmt":"2025-03-02T08:31:08","guid":{"rendered":"http:\/\/xn--feuerwehr-bersaxen-v6b.at\/?page_id=150"},"modified":"2025-03-02T14:56:41","modified_gmt":"2025-03-02T13:56:41","slug":"jahr-2018","status":"publish","type":"page","link":"https:\/\/xn--feuerwehr-bersaxen-v6b.at\/index.php\/einsaetze\/jahr-2018\/","title":{"rendered":"Einsatz\u00fcbersicht 2024"},"content":{"rendered":"<p><span style=\"font-family: arial, helvetica, sans-serif; font-size: 14pt;\"><strong>Hier finden sie eine \u00dcbersicht \u00fcber die Eins\u00e4tze des vergangenen Jahres:<\/strong><\/span><\/p>\n<p>&nbsp;<\/p>\n<table style=\"width: 803px;\">\n<tbody>\n<tr>\n<td style=\"width: 26.1px;\"><strong>Nr.<\/strong><\/td>\n<td style=\"width: 163.7px;\"><strong><span style=\"font-family: arial, helvetica, sans-serif;\">Alarmierung<\/span><\/strong><\/td>\n<td style=\"width: 536.5px;\"><strong><span style=\"font-family: arial, helvetica, sans-serif;\"><span style=\"0color: #000000;\">Pagermeldung<\/span><\/span><\/strong><\/td>\n<\/tr>\n<tr>\n<td style=\"width: 26.1px;\">&nbsp;<\/td>\n<td style=\"width: 163.7px;\"><span style=\"font-family: arial, helvetica, sans-serif;\">&nbsp;<\/span><\/td>\n<td style=\"width: 536.5px;\"><span style=\"font-family: arial, helvetica, sans-serif;\"><span style=\"0color: #000000;\">&nbsp;<\/span><\/span><\/td>\n<\/tr>\n<tr>\n<td style=\"width: 26.1px;\">1<\/td>\n<td style=\"width: 163.7px;\"><span style=\"font-family: arial, helvetica, sans-serif;\">10.06.2024, 17:20 Uhr<\/span><\/td>\n<td style=\"width: 536.5px;\"><span style=\"font-family: arial, helvetica, sans-serif;\"><span style=\"0color: #000000;\">t2 Traktor abgerutscht, sichern\/bergen notwendig, keine Verletzten<\/span><\/span><\/td>\n<\/tr>\n<tr>\n<td style=\"width: 26.1px;\"><span style=\"font-family: arial, helvetica, sans-serif;\">2<\/span><\/td>\n<td style=\"width: 163.7px;\"><span style=\"font-family: arial, helvetica, sans-serif;\">31.07.2024, 18:25 Uhr<\/span><\/td>\n<td style=\"width: 536.5px;\"><span style=\"font-family: arial, helvetica, sans-serif;\">t1 Wasser im Geb\u00e4ude<\/span><\/td>\n<\/tr>\n<tr>\n<td style=\"width: 26.1px;\"><span style=\"font-family: arial, helvetica, sans-serif;\">3<\/span><\/td>\n<td style=\"width: 163.7px;\"><span style=\"font-family: arial, helvetica, sans-serif;\">14.08.2024, 17:21 Uhr<\/span><\/td>\n<td style=\"width: 536.5px;\"><span style=\"font-family: arial, helvetica, sans-serif;\">t5 Unwettereinsatz, Unterst\u00fctzung Feuerwehr Rankweil<\/span><\/td>\n<\/tr>\n<tr>\n<td style=\"width: 26.1px;\"><span style=\"font-family: arial, helvetica, sans-serif;\">4<\/span><\/td>\n<td style=\"width: 163.7px;\"><span style=\"font-family: arial, helvetica, sans-serif;\">28.09.2024, 01:15 Uhr<\/span><\/td>\n<td style=\"width: 536.5px;\"><span style=\"font-family: arial, helvetica, sans-serif;\">f2 Gamperbietweg 5, Brand Papiercontainer an Hausfassade<\/span><\/td>\n<\/tr>\n<\/tbody>\n<\/table>\n","protected":false},"excerpt":{"rendered":"<p>Hier finden sie eine \u00dcbersicht \u00fcber die Eins\u00e4tze des vergangenen Jahres: &nbsp; Nr. Alarmierung Pagermeldung &nbsp; &nbsp; &nbsp; 1 10.06.2024, 17:20 Uhr t2 Traktor abgerutscht, sichern\/bergen notwendig, keine Verletzten 2 31.07.2024, 18:25 Uhr t1 Wasser im Geb\u00e4ude 3 14.08.2024, 17:21 Uhr t5 Unwettereinsatz, Unterst\u00fctzung Feuerwehr Rankweil 4 28.09.2024, 01:15 Uhr f2 Gamperbietweg 5, Brand Papiercontainer an Hausfassade<\/p>\n","protected":false},"author":1,"featured_media":0,"parent":148,"menu_order":2,"comment_status":"closed","ping_status":"closed","template":"","meta":{"ngg_post_thumbnail":0,"footnotes":""},"class_list":["post-150","page","type-page","status-publish","hentry"],"_links":{"self":[{"href":"https:\/\/xn--feuerwehr-bersaxen-v6b.at\/index.php\/wp-json\/wp\/v2\/pages\/150","targetHints":{"allow":["GET"]}}],"collection":[{"href":"https:\/\/xn--feuerwehr-bersaxen-v6b.at\/index.php\/wp-json\/wp\/v2\/pages"}],"about":[{"href":"https:\/\/xn--feuerwehr-bersaxen-v6b.at\/index.php\/wp-json\/wp\/v2\/types\/page"}],"author":[{"embeddable":true,"href":"https:\/\/xn--feuerwehr-bersaxen-v6b.at\/index.php\/wp-json\/wp\/v2\/users\/1"}],"replies":[{"embeddable":true,"href":"https:\/\/xn--feuerwehr-bersaxen-v6b.at\/index.php\/wp-json\/wp\/v2\/comments?post=150"}],"version-history":[{"count":15,"href":"https:\/\/xn--feuerwehr-bersaxen-v6b.at\/index.php\/wp-json\/wp\/v2\/pages\/150\/revisions"}],"predecessor-version":[{"id":2091,"href":"https:\/\/xn--feuerwehr-bersaxen-v6b.at\/index.php\/wp-json\/wp\/v2\/pages\/150\/revisions\/2091"}],"up":[{"embeddable":true,"href":"https:\/\/xn--feuerwehr-bersaxen-v6b.at\/index.php\/wp-json\/wp\/v2\/pages\/148"}],"wp:attachment":[{"href":"https:\/\/xn--feuerwehr-bersaxen-v6b.at\/index.php\/wp-json\/wp\/v2\/media?parent=150"}],"curies":[{"name":"wp","href":"https:\/\/api.w.org\/{rel}","templated":true}]}}