{"id":156,"date":"2018-12-28T09:38:00","date_gmt":"2018-12-28T08:38:00","guid":{"rendered":"http:\/\/xn--feuerwehr-bersaxen-v6b.at\/?page_id=156"},"modified":"2022-07-08T17:16:27","modified_gmt":"2022-07-08T15:16:27","slug":"wettkaempfe","status":"publish","type":"page","link":"https:\/\/xn--feuerwehr-bersaxen-v6b.at\/index.php\/wettkaempfe\/","title":{"rendered":"Wettk\u00e4mpfe"},"content":{"rendered":"<div><a href=\"https:\/\/xn--feuerwehr-bersaxen-v6b.at\/wp-content\/uploads\/2019\/01\/Pokale-Wettk\u00e4mpfe.jpg\"><img loading=\"lazy\" decoding=\"async\" class=\"aligncenter wp-image-706\" src=\"https:\/\/xn--feuerwehr-bersaxen-v6b.at\/wp-content\/uploads\/2019\/01\/Pokale-Wettk\u00e4mpfe.jpg\" alt=\"\" width=\"650\" height=\"508\" srcset=\"https:\/\/xn--feuerwehr-bersaxen-v6b.at\/wp-content\/uploads\/2019\/01\/Pokale-Wettk\u00e4mpfe.jpg 2304w, https:\/\/xn--feuerwehr-bersaxen-v6b.at\/wp-content\/uploads\/2019\/01\/Pokale-Wettk\u00e4mpfe-300x234.jpg 300w, https:\/\/xn--feuerwehr-bersaxen-v6b.at\/wp-content\/uploads\/2019\/01\/Pokale-Wettk\u00e4mpfe-768x600.jpg 768w, https:\/\/xn--feuerwehr-bersaxen-v6b.at\/wp-content\/uploads\/2019\/01\/Pokale-Wettk\u00e4mpfe-1024x800.jpg 1024w\" sizes=\"auto, (max-width: 650px) 100vw, 650px\" \/><\/a><\/div>\n<div>&nbsp;<\/div>\n<div><span style=\"font-family: arial, helvetica, sans-serif; font-size: 12pt;\"><strong>Lange und erfolgreiche Wettkampftradition<\/strong><\/span><\/div>\n<div><span style=\"font-family: arial, helvetica, sans-serif; font-size: 12pt;\"><span style=\"0font-family: arial,helvetica,sans-serif;\">Bereits im Jahr 1953 hatte unsere Wettkampfgruppe beim Landesfeuerwehrfest in Schwarzach ihre Feuertaufe zu bestehen. In der Chronik hei\u00dft es, dass die Wettkampfgruppe mit jugendlichem Elan f\u00fcr Ehr und Ruhm sorgte. Seit diesem Jahr wurde an zahlreichen Bewerben im In- und Ausland teilgenommen.<br \/>\nGro\u00dfe Verdienste um die lange Wettkampftradition leisteten Breu\u00df Walter, unter dessen F\u00fchrung das Wettkampfwesen massiv ausgebaut wurde, <\/span><span style=\"0font-family: arial,helvetica,sans-serif;\">Fritsch Willi, der langj\u00e4hriger Gruppenkommandant und Wettk\u00e4mpfer war, Vith Arnold, der an den meisten Wettk\u00e4mpfen teilgenommen hat, Breu\u00df Wolfgang, Huber J\u00fcrgen und Vith Wolfgang sind die Wettkampfgruppenleiter die bis vor kurzem noch aktiv in das Wettkampfgeschehen integriert waren bzw. auch heute noch Aktiv dabei sind. Mit Vogt Emanuel der im Moment die Gruppe leitet,&nbsp; z\u00e4hlt ein weiterer Kamerad zu den sehr erfolgreichen Wettkampfgruppenleiter der Feuerwehr \u00dcbersaxen.&nbsp;&nbsp;<\/span><\/span><\/div>\n<div>&nbsp;<\/div>\n<div>&nbsp;<\/div>\n<div><span style=\"font-family: arial, helvetica, sans-serif; font-size: 12pt;\"><span style=\"0font-size: 20px;\"><strong>Die gr\u00f6\u00dften Erfolge:<\/strong><\/span><\/span><\/div>\n<div>&nbsp;<\/div>\n<div>\n<ul style=\"list-style-type: circle;\">\n<li><span style=\"font-family: arial, helvetica, sans-serif; font-size: 12pt;\">Silbermedaille bei der Feuerwehrolympiade in B\u00f6blingen (BRD)&nbsp; 1981<\/span><\/li>\n<li><span style=\"font-family: arial, helvetica, sans-serif; font-size: 12pt;\">4x Landessieger in Silber Klasse A 1984, 1985, 1997 und 2019 (Goldener Helm)<\/span><\/li>\n<li><span style=\"font-family: arial, helvetica, sans-serif; font-size: 12pt;\">1x Sieger in Silber Klasse A&nbsp; 2001<\/span><\/li>\n<li><span style=\"font-family: arial, helvetica, sans-serif; font-size: 12pt;\">Goldmedaille beim Internationalen Wettkampf in Freiburg (BRD) 1998<\/span><\/li>\n<li><span style=\"font-family: arial, helvetica, sans-serif; font-size: 12pt;\">1. Rang bei den Tiroler Landesbewerben in Vils in der Klasse Silber A im Jahre 2001<\/span><\/li>\n<li><span style=\"font-family: arial, helvetica, sans-serif; font-size: 12pt;\">1. Rang bei den Tiroler Landesbewerben in Lienz in der Klasse Silber A im Jahre 2003<\/span><\/li>\n<li><span style=\"font-family: arial, helvetica, sans-serif; font-size: 12pt;\">2x Bezirkssieger im Nassleistungsbewerb 1996 und 2000<\/span><\/li>\n<\/ul>\n<\/div>\n<div>&nbsp;<\/div>\n<div>&nbsp;<\/div>\n<div><a href=\"https:\/\/xn--feuerwehr-bersaxen-v6b.at\/wp-content\/uploads\/2019\/01\/bundesbewerb-2012.jpg\"><img loading=\"lazy\" decoding=\"async\" class=\"aligncenter size-full wp-image-705\" src=\"https:\/\/xn--feuerwehr-bersaxen-v6b.at\/wp-content\/uploads\/2019\/01\/bundesbewerb-2012.jpg\" alt=\"\" width=\"500\" height=\"334\" srcset=\"https:\/\/xn--feuerwehr-bersaxen-v6b.at\/wp-content\/uploads\/2019\/01\/bundesbewerb-2012.jpg 500w, https:\/\/xn--feuerwehr-bersaxen-v6b.at\/wp-content\/uploads\/2019\/01\/bundesbewerb-2012-300x200.jpg 300w, https:\/\/xn--feuerwehr-bersaxen-v6b.at\/wp-content\/uploads\/2019\/01\/bundesbewerb-2012-90x60.jpg 90w\" sizes=\"auto, (max-width: 500px) 100vw, 500px\" \/><\/a><\/div>\n<div>&nbsp;<\/div>\n<div>&nbsp;<\/div>\n<div><span style=\"font-family: arial, helvetica, sans-serif;\"><strong><span style=\"font-size: 12pt;\">Toller Erfolg bei den Bundesleistungsbewerben 2012<\/span><\/strong><\/span><\/div>\n<div><span style=\"font-family: arial, helvetica, sans-serif; font-size: 12pt;\">Nach hervorragenden Leistungen im Bewerbsjahr 2012 &nbsp;konnte sich die Wettkampfgruppe der Feuerwehr \u00dcbersaxen mit dem 7. Gesamtrang im Vorarlberger Bewerbscup das Ticket zu den Bundesleistungsbewerben, welche nur alle 4 Jahre stattfinden, sichern. <\/span><\/div>\n<div><span style=\"font-family: arial, helvetica, sans-serif; font-size: 12pt;\">Nach 2008 (Wien) gelang es unserer Gruppe sich das zweite mal in Folge f\u00fcr diesen Bewerb zu qualifizieren. Aus Vorarlberg nahmen heuer &nbsp;7 Gruppen in der Klasse Silber und 9 Gruppen in der Klasse Bronze teil.<\/span><\/div>\n<div><span style=\"font-family: arial, helvetica, sans-serif; font-size: 12pt;\">Die Bewerbe fanden vom 07.-09. September in Linz statt . Wir starteten in der Klasse Silber A und konnten unseren L\u00f6schangriff in 41,71 Sekunden fehlerfrei absolvieren. Mit der Staffellaufzeit von 55,52 Sekunden erreichten wir&nbsp; von 117 teilnehmenden Gruppen den sehr guten 43. Rang und waren somit nach Ludesch (1.Rang) die zweitbeste Gruppe, welche f\u00fcr Vorarlberg in dieser Klasse an den Start ging.<\/span><\/div>\n<div>&nbsp;<\/div>\n<div><span style=\"font-family: arial, helvetica, sans-serif; font-size: 12pt;\"><span style=\"0font-size: 16px;\">Teilnehmer der Gruppe 2012: Huber J\u00fcrgen,&nbsp; Fritsch Stefan, Vith Wolfgang, Fritsch Matthias, <\/span><\/span><\/div>\n<div><span style=\"font-family: arial, helvetica, sans-serif; font-size: 12pt;\"><span style=\"0font-size: 16px;\">Vogt Manfred, Breuss Silvion, D\u00fcnser Philip,&nbsp;<\/span><span style=\"0font-size: 16px;\">Zizer Rene, Lins Patrick <\/span><\/span><span style=\"font-family: arial, helvetica, sans-serif; font-size: 12pt;\">und Vogt Emanuel.<\/span><\/div>\n<div>&nbsp;<\/div>\n<div><span style=\"font-family: arial, helvetica, sans-serif; font-size: 12pt;\">Wir m\u00f6chten uns auf diesem Wege bei der&nbsp; Feuerwehr \u00dcbersaxen f\u00fcr die tolle Unterst\u00fctzung bedanken. Ebenfalls ein besonderer Dank geb\u00fchrt unseren treuen Fans, welche uns nach Linz und zu den zahlreichen Bewerben \u00fcber das ganze Jahr begleitet haben und&nbsp; immer f\u00fcr eine grandiose Stimmung&nbsp; sorgten.<\/span><\/div>\n<div>&nbsp;<\/div>\n<div>&nbsp;<\/div>\n","protected":false},"excerpt":{"rendered":"<p>&nbsp; Lange und erfolgreiche Wettkampftradition Bereits im Jahr 1953 hatte unsere Wettkampfgruppe beim Landesfeuerwehrfest in Schwarzach ihre Feuertaufe zu bestehen. In der Chronik hei\u00dft es, dass die Wettkampfgruppe mit jugendlichem Elan f\u00fcr Ehr und Ruhm sorgte. Seit diesem Jahr wurde an zahlreichen Bewerben im In- und Ausland teilgenommen. Gro\u00dfe Verdienste um die lange Wettkampftradition leisteten Breu\u00df Walter, unter dessen F\u00fchrung<\/p>\n","protected":false},"author":1,"featured_media":0,"parent":0,"menu_order":0,"comment_status":"closed","ping_status":"closed","template":"","meta":{"ngg_post_thumbnail":0,"footnotes":""},"class_list":["post-156","page","type-page","status-publish","hentry"],"_links":{"self":[{"href":"https:\/\/xn--feuerwehr-bersaxen-v6b.at\/index.php\/wp-json\/wp\/v2\/pages\/156","targetHints":{"allow":["GET"]}}],"collection":[{"href":"https:\/\/xn--feuerwehr-bersaxen-v6b.at\/index.php\/wp-json\/wp\/v2\/pages"}],"about":[{"href":"https:\/\/xn--feuerwehr-bersaxen-v6b.at\/index.php\/wp-json\/wp\/v2\/types\/page"}],"author":[{"embeddable":true,"href":"https:\/\/xn--feuerwehr-bersaxen-v6b.at\/index.php\/wp-json\/wp\/v2\/users\/1"}],"replies":[{"embeddable":true,"href":"https:\/\/xn--feuerwehr-bersaxen-v6b.at\/index.php\/wp-json\/wp\/v2\/comments?post=156"}],"version-history":[{"count":13,"href":"https:\/\/xn--feuerwehr-bersaxen-v6b.at\/index.php\/wp-json\/wp\/v2\/pages\/156\/revisions"}],"predecessor-version":[{"id":1904,"href":"https:\/\/xn--feuerwehr-bersaxen-v6b.at\/index.php\/wp-json\/wp\/v2\/pages\/156\/revisions\/1904"}],"wp:attachment":[{"href":"https:\/\/xn--feuerwehr-bersaxen-v6b.at\/index.php\/wp-json\/wp\/v2\/media?parent=156"}],"curies":[{"name":"wp","href":"https:\/\/api.w.org\/{rel}","templated":true}]}}