{"id":165,"date":"2018-12-28T09:40:01","date_gmt":"2018-12-28T08:40:01","guid":{"rendered":"http:\/\/xn--feuerwehr-bersaxen-v6b.at\/?page_id=165"},"modified":"2026-03-31T17:10:51","modified_gmt":"2026-03-31T15:10:51","slug":"maiparty-2019","status":"publish","type":"page","link":"https:\/\/xn--feuerwehr-bersaxen-v6b.at\/index.php\/maiparty-2019\/","title":{"rendered":"Maiparty 2026"},"content":{"rendered":"<p class=\"documentDescription\"><span style=\"font-size: 18pt; font-family: arial, helvetica, sans-serif;\">Am Samstag, den 02. Mai 2026 findet wieder die legend\u00e4re Maiparty im Dorfsaal \u00dcbersaxen statt.<\/span><\/p>\n<p>&nbsp;<\/p>\n<div>\n<p><span style=\"font-size: 18pt; font-family: arial, helvetica, sans-serif;\"><span class=\"\\&quot;_4n-j\">F\u00fcr Stimmung im Saal sorgen in diesem Jahr die &#8222;Dj\u00b4s BnB&#8220;<\/span><\/span><\/p>\n<p>&nbsp;<\/p>\n<\/div>\n<div>\n<div>\n<div class=\"jsn-bootstrap3\">\n<div id=\"QWEW9I\" class=\" row\">\n<div class=\"col-md-8 col-sm-8 col-xs-12\">\n<div class=\"pb-element-container pb-element-text text-kifjjz\">\n<div>\n<p><img loading=\"lazy\" decoding=\"async\" class=\"aligncenter wp-image-2185 size-large\" src=\"https:\/\/xn--feuerwehr-bersaxen-v6b.at\/wp-content\/uploads\/2026\/03\/Maiparty_2026-727x1024.jpeg\" alt=\"\" width=\"727\" height=\"1024\" srcset=\"https:\/\/xn--feuerwehr-bersaxen-v6b.at\/wp-content\/uploads\/2026\/03\/Maiparty_2026-727x1024.jpeg 727w, https:\/\/xn--feuerwehr-bersaxen-v6b.at\/wp-content\/uploads\/2026\/03\/Maiparty_2026-213x300.jpeg 213w, https:\/\/xn--feuerwehr-bersaxen-v6b.at\/wp-content\/uploads\/2026\/03\/Maiparty_2026-768x1081.jpeg 768w, https:\/\/xn--feuerwehr-bersaxen-v6b.at\/wp-content\/uploads\/2026\/03\/Maiparty_2026-1091x1536.jpeg 1091w, https:\/\/xn--feuerwehr-bersaxen-v6b.at\/wp-content\/uploads\/2026\/03\/Maiparty_2026-1454x2048.jpeg 1454w, https:\/\/xn--feuerwehr-bersaxen-v6b.at\/wp-content\/uploads\/2026\/03\/Maiparty_2026.jpeg 1818w\" sizes=\"auto, (max-width: 727px) 100vw, 727px\" \/><\/p>\n<\/div>\n<\/div>\n<\/div>\n<\/div>\n<\/div>\n<\/div>\n<\/div>\n<p>&nbsp;<\/p>\n<p>&nbsp;<\/p>\n<p>&nbsp;<\/p>\n<p>&nbsp;<\/p>\n","protected":false},"excerpt":{"rendered":"<p>Am Samstag, den 02. Mai 2026 findet wieder die legend\u00e4re Maiparty im Dorfsaal \u00dcbersaxen statt. &nbsp; F\u00fcr Stimmung im Saal sorgen in diesem Jahr die &#8222;Dj\u00b4s BnB&#8220; &nbsp; &nbsp; &nbsp; &nbsp; &nbsp;<\/p>\n","protected":false},"author":1,"featured_media":0,"parent":0,"menu_order":0,"comment_status":"closed","ping_status":"closed","template":"","meta":{"ngg_post_thumbnail":0,"footnotes":""},"class_list":["post-165","page","type-page","status-publish","hentry"],"_links":{"self":[{"href":"https:\/\/xn--feuerwehr-bersaxen-v6b.at\/index.php\/wp-json\/wp\/v2\/pages\/165","targetHints":{"allow":["GET"]}}],"collection":[{"href":"https:\/\/xn--feuerwehr-bersaxen-v6b.at\/index.php\/wp-json\/wp\/v2\/pages"}],"about":[{"href":"https:\/\/xn--feuerwehr-bersaxen-v6b.at\/index.php\/wp-json\/wp\/v2\/types\/page"}],"author":[{"embeddable":true,"href":"https:\/\/xn--feuerwehr-bersaxen-v6b.at\/index.php\/wp-json\/wp\/v2\/users\/1"}],"replies":[{"embeddable":true,"href":"https:\/\/xn--feuerwehr-bersaxen-v6b.at\/index.php\/wp-json\/wp\/v2\/comments?post=165"}],"version-history":[{"count":29,"href":"https:\/\/xn--feuerwehr-bersaxen-v6b.at\/index.php\/wp-json\/wp\/v2\/pages\/165\/revisions"}],"predecessor-version":[{"id":2187,"href":"https:\/\/xn--feuerwehr-bersaxen-v6b.at\/index.php\/wp-json\/wp\/v2\/pages\/165\/revisions\/2187"}],"wp:attachment":[{"href":"https:\/\/xn--feuerwehr-bersaxen-v6b.at\/index.php\/wp-json\/wp\/v2\/media?parent=165"}],"curies":[{"name":"wp","href":"https:\/\/api.w.org\/{rel}","templated":true}]}}