{"id":199,"date":"2018-12-28T10:54:18","date_gmt":"2018-12-28T09:54:18","guid":{"rendered":"http:\/\/xn--feuerwehr-bersaxen-v6b.at\/?page_id=199"},"modified":"2019-01-04T18:22:23","modified_gmt":"2019-01-04T17:22:23","slug":"sirenensignale","status":"publish","type":"page","link":"https:\/\/xn--feuerwehr-bersaxen-v6b.at\/index.php\/buergerservice-2\/sirenensignale\/","title":{"rendered":"Sirenensignale"},"content":{"rendered":"<p><span style=\"font-family: arial, helvetica, sans-serif; font-size: 12pt;\">\u00d6sterreich verf\u00fcgt \u00fcber ein fl\u00e4chendeckendes Warn- und Alarmsystem. Mit mehr als 8.000 Sirenen kann die Bev\u00f6lkerung im Katastrophenfall gewarnt, alarmiert und \u00fcber die Ma\u00dfnahmen f\u00fcr die pers\u00f6nliche Sicherheit informiert werden. Die zu treffenden Ma\u00dfnahmen h\u00e4ngen von der Art des Ereignisses ab.<\/span><br \/>\n<span style=\"font-family: arial, helvetica, sans-serif; font-size: 12pt;\">Sie werden bei Hochwasser andere sein, als bei einer Bedrohung durch radioaktiven Niederschlag oder nach einem Giftgasunfall. Auf jeden Fall ist es notwendig, Vorsorgen im Selbstschutz f\u00fcr einen Katastrophenfall zu treffen. Nur dann kann ein Warnsystem seinen Zweck erf\u00fcllen.Einmal j\u00e4hrlich (jeden ersten Samstag im Oktober) wird \u00d6sterreichweit ein Probealarm mit allen Zivilschutzsignalen durchgef\u00fchrt. Zum einen erfolgt damit die Erprobung der technischen Anlagen, zum anderen sollen die Signale und ihre Bedeutung der Bev\u00f6lkerung in Erinnerung gebracht werden.<\/span><\/p>\n<p>&nbsp;<\/p>\n<table cellspacing=\"\\&quot;1\\&quot;\" cellpadding=\"\\&quot;1\\&quot;\" border=\"\\&quot;0\\&quot;\">\n<tbody>\n<tr>\n<td><a href=\"https:\/\/xn--feuerwehr-bersaxen-v6b.at\/wp-content\/uploads\/2019\/01\/Sirenensignale.jpg\"><img loading=\"lazy\" decoding=\"async\" class=\"wp-image-685 aligncenter\" src=\"https:\/\/xn--feuerwehr-bersaxen-v6b.at\/wp-content\/uploads\/2019\/01\/Sirenensignale.jpg\" alt=\"\" width=\"920\" height=\"642\" srcset=\"https:\/\/xn--feuerwehr-bersaxen-v6b.at\/wp-content\/uploads\/2019\/01\/Sirenensignale.jpg 1306w, https:\/\/xn--feuerwehr-bersaxen-v6b.at\/wp-content\/uploads\/2019\/01\/Sirenensignale-300x209.jpg 300w, https:\/\/xn--feuerwehr-bersaxen-v6b.at\/wp-content\/uploads\/2019\/01\/Sirenensignale-768x536.jpg 768w, https:\/\/xn--feuerwehr-bersaxen-v6b.at\/wp-content\/uploads\/2019\/01\/Sirenensignale-1024x714.jpg 1024w\" sizes=\"auto, (max-width: 920px) 100vw, 920px\" \/><\/a><\/td>\n<\/tr>\n<\/tbody>\n<\/table>\n<p>&nbsp;<\/p>\n","protected":false},"excerpt":{"rendered":"<p>\u00d6sterreich verf\u00fcgt \u00fcber ein fl\u00e4chendeckendes Warn- und Alarmsystem. Mit mehr als 8.000 Sirenen kann die Bev\u00f6lkerung im Katastrophenfall gewarnt, alarmiert und \u00fcber die Ma\u00dfnahmen f\u00fcr die pers\u00f6nliche Sicherheit informiert werden. Die zu treffenden Ma\u00dfnahmen h\u00e4ngen von der Art des Ereignisses ab. Sie werden bei Hochwasser andere sein, als bei einer Bedrohung durch radioaktiven Niederschlag oder nach einem Giftgasunfall. Auf jeden<\/p>\n","protected":false},"author":1,"featured_media":0,"parent":197,"menu_order":0,"comment_status":"closed","ping_status":"closed","template":"","meta":{"ngg_post_thumbnail":0,"footnotes":""},"class_list":["post-199","page","type-page","status-publish","hentry"],"_links":{"self":[{"href":"https:\/\/xn--feuerwehr-bersaxen-v6b.at\/index.php\/wp-json\/wp\/v2\/pages\/199","targetHints":{"allow":["GET"]}}],"collection":[{"href":"https:\/\/xn--feuerwehr-bersaxen-v6b.at\/index.php\/wp-json\/wp\/v2\/pages"}],"about":[{"href":"https:\/\/xn--feuerwehr-bersaxen-v6b.at\/index.php\/wp-json\/wp\/v2\/types\/page"}],"author":[{"embeddable":true,"href":"https:\/\/xn--feuerwehr-bersaxen-v6b.at\/index.php\/wp-json\/wp\/v2\/users\/1"}],"replies":[{"embeddable":true,"href":"https:\/\/xn--feuerwehr-bersaxen-v6b.at\/index.php\/wp-json\/wp\/v2\/comments?post=199"}],"version-history":[{"count":4,"href":"https:\/\/xn--feuerwehr-bersaxen-v6b.at\/index.php\/wp-json\/wp\/v2\/pages\/199\/revisions"}],"predecessor-version":[{"id":687,"href":"https:\/\/xn--feuerwehr-bersaxen-v6b.at\/index.php\/wp-json\/wp\/v2\/pages\/199\/revisions\/687"}],"up":[{"embeddable":true,"href":"https:\/\/xn--feuerwehr-bersaxen-v6b.at\/index.php\/wp-json\/wp\/v2\/pages\/197"}],"wp:attachment":[{"href":"https:\/\/xn--feuerwehr-bersaxen-v6b.at\/index.php\/wp-json\/wp\/v2\/media?parent=199"}],"curies":[{"name":"wp","href":"https:\/\/api.w.org\/{rel}","templated":true}]}}