{"id":2093,"date":"2025-03-02T14:53:55","date_gmt":"2025-03-02T13:53:55","guid":{"rendered":"http:\/\/xn--feuerwehr-bersaxen-v6b.at\/?page_id=2093"},"modified":"2026-03-31T17:29:58","modified_gmt":"2026-03-31T15:29:58","slug":"einsatzuebersicht-2025","status":"publish","type":"page","link":"https:\/\/xn--feuerwehr-bersaxen-v6b.at\/index.php\/einsaetze\/einsatzuebersicht-2025\/","title":{"rendered":"Einsatz\u00fcbersicht 2025"},"content":{"rendered":"<p><span style=\"font-family: arial, helvetica, sans-serif; font-size: 14pt;\"><strong>Hier finden sie eine \u00dcbersicht \u00fcber die Eins\u00e4tze des laufenden Jahres:<\/strong><\/span><\/p>\n<p>&nbsp;<\/p>\n<table style=\"width: 803px;\">\n<tbody>\n<tr>\n<td style=\"width: 26.1px;\"><strong>Nr.<\/strong><\/td>\n<td style=\"width: 163.7px;\"><strong><span style=\"font-family: arial, helvetica, sans-serif;\">Alarmierung<\/span><\/strong><\/td>\n<td style=\"width: 536.5px;\"><strong><span style=\"font-family: arial, helvetica, sans-serif;\"><span style=\"0color: #000000;\">Pagermeldung<\/span><\/span><\/strong><\/td>\n<\/tr>\n<tr>\n<td style=\"width: 26.1px;\">&nbsp;<\/td>\n<td style=\"width: 163.7px;\"><span style=\"font-family: arial, helvetica, sans-serif;\">&nbsp;<\/span><\/td>\n<td style=\"width: 536.5px;\"><span style=\"font-family: arial, helvetica, sans-serif;\"><span style=\"0color: #000000;\">&nbsp;<\/span><\/span><\/td>\n<\/tr>\n<tr>\n<td style=\"width: 26.1px;\">1<\/td>\n<td style=\"width: 163.7px;\"><span style=\"font-family: arial, helvetica, sans-serif;\">04.01.2025, 20:24 Uhr<\/span><\/td>\n<td style=\"width: 536.5px;\"><span style=\"font-family: arial, helvetica, sans-serif;\"><span style=\"0color: #000000;\">t1 Satteins, Fahrzeugbergung, keine Personen in Gefahr<\/span><\/span><\/td>\n<\/tr>\n<tr>\n<td style=\"width: 26.1px;\"><span style=\"font-family: arial, helvetica, sans-serif;\">2<\/span><\/td>\n<td style=\"width: 163.7px;\"><span style=\"font-family: arial, helvetica, sans-serif;\">01.04.2025, 14:04 Uhr<\/span><\/td>\n<td style=\"width: 536.5px;\">f3, r1 \u00dcbersaxen GH Krone, Rauchentwicklung im Geb\u00e4ude &gt; vom Keller ausgehend<\/td>\n<\/tr>\n<tr>\n<td style=\"width: 26.1px;\"><span style=\"font-family: arial, helvetica, sans-serif;\">3<\/span><\/td>\n<td style=\"width: 163.7px;\"><span style=\"font-family: arial, helvetica, sans-serif;\">04.05.2025, 10:22<\/span><\/td>\n<td style=\"width: 536.5px;\">t1 \u00dcbersaxen, Wasserrohrbruch Hauptversorgungsleitung<\/td>\n<\/tr>\n<tr>\n<td style=\"width: 26.1px;\"><span style=\"font-family: arial, helvetica, sans-serif;\">4<\/span><\/td>\n<td style=\"width: 163.7px;\"><span style=\"font-family: arial, helvetica, sans-serif;\">23.05.2025, 22:07<\/span><\/td>\n<td style=\"width: 536.5px;\">t1 \u00dcbersaxen, Unterst\u00fctzung Gemeinde, Wasserrohrbruch<\/td>\n<\/tr>\n<tr>\n<td style=\"width: 26.1px;\"><span style=\"font-family: arial, helvetica, sans-serif;\">5<\/span><\/td>\n<td style=\"width: 163.7px;\"><span style=\"font-family: arial, helvetica, sans-serif;\">06.08.2025, 14:18<\/span><\/td>\n<td style=\"width: 536.5px;\">t1 \u00dcbersaxen Kirchstra\u00dfe, \u00d6lspur Richtung Rankweil<\/td>\n<\/tr>\n<tr>\n<td style=\"width: 26.1px;\"><span style=\"font-family: arial, helvetica, sans-serif;\">6<\/span><\/td>\n<td style=\"width: 163.7px;\"><span style=\"font-family: arial, helvetica, sans-serif;\">22.08.2025, 08:51<\/span><\/td>\n<td style=\"width: 536.5px;\">t1 \u00dcbersaxen Baschggasse, Wasser im Keller<\/td>\n<\/tr>\n<tr>\n<td style=\"width: 26.1px;\"><span style=\"font-family: arial, helvetica, sans-serif;\">7<\/span><\/td>\n<td style=\"width: 163.7px;\"><span style=\"font-family: arial, helvetica, sans-serif;\">23.08.2025, 12:24<\/span><\/td>\n<td style=\"width: 536.5px;\">t1 \u00dcbersaxen Gulmweg, Wasser in Garage<\/td>\n<\/tr>\n<tr>\n<td style=\"width: 26.1px;\"><span style=\"font-family: arial, helvetica, sans-serif;\">8<\/span><\/td>\n<td style=\"width: 163.7px;\"><span style=\"font-family: arial, helvetica, sans-serif;\">06.10.2025, 13:05<\/span><\/td>\n<td style=\"width: 536.5px;\">t1 \u00dcbersaxen Latusstra\u00dfe, Hydraulikschlauch gerissen&nbsp;<\/td>\n<\/tr>\n<tr>\n<td style=\"width: 26.1px;\"><span style=\"font-family: arial, helvetica, sans-serif;\">9<\/span><\/td>\n<td style=\"width: 163.7px;\"><span style=\"font-family: arial, helvetica, sans-serif;\">30.12.2025, 20:47<\/span><\/td>\n<td style=\"width: 536.5px;\">t1 \u00dcbersaxen Kirchstra\u00dfe, VU PKW &#8211; Betriebsstoffe rinnen aus<\/td>\n<\/tr>\n<\/tbody>\n<\/table>\n","protected":false},"excerpt":{"rendered":"<p>Hier finden sie eine \u00dcbersicht \u00fcber die Eins\u00e4tze des laufenden Jahres: &nbsp; Nr. Alarmierung Pagermeldung &nbsp; &nbsp; &nbsp; 1 04.01.2025, 20:24 Uhr t1 Satteins, Fahrzeugbergung, keine Personen in Gefahr 2 01.04.2025, 14:04 Uhr f3, r1 \u00dcbersaxen GH Krone, Rauchentwicklung im Geb\u00e4ude &gt; vom Keller ausgehend 3 04.05.2025, 10:22 t1 \u00dcbersaxen, Wasserrohrbruch Hauptversorgungsleitung 4 23.05.2025, 22:07 t1 \u00dcbersaxen, Unterst\u00fctzung Gemeinde, Wasserrohrbruch<\/p>\n","protected":false},"author":1,"featured_media":0,"parent":148,"menu_order":1,"comment_status":"closed","ping_status":"closed","template":"","meta":{"ngg_post_thumbnail":0,"footnotes":""},"class_list":["post-2093","page","type-page","status-publish","hentry"],"_links":{"self":[{"href":"https:\/\/xn--feuerwehr-bersaxen-v6b.at\/index.php\/wp-json\/wp\/v2\/pages\/2093","targetHints":{"allow":["GET"]}}],"collection":[{"href":"https:\/\/xn--feuerwehr-bersaxen-v6b.at\/index.php\/wp-json\/wp\/v2\/pages"}],"about":[{"href":"https:\/\/xn--feuerwehr-bersaxen-v6b.at\/index.php\/wp-json\/wp\/v2\/types\/page"}],"author":[{"embeddable":true,"href":"https:\/\/xn--feuerwehr-bersaxen-v6b.at\/index.php\/wp-json\/wp\/v2\/users\/1"}],"replies":[{"embeddable":true,"href":"https:\/\/xn--feuerwehr-bersaxen-v6b.at\/index.php\/wp-json\/wp\/v2\/comments?post=2093"}],"version-history":[{"count":6,"href":"https:\/\/xn--feuerwehr-bersaxen-v6b.at\/index.php\/wp-json\/wp\/v2\/pages\/2093\/revisions"}],"predecessor-version":[{"id":2192,"href":"https:\/\/xn--feuerwehr-bersaxen-v6b.at\/index.php\/wp-json\/wp\/v2\/pages\/2093\/revisions\/2192"}],"up":[{"embeddable":true,"href":"https:\/\/xn--feuerwehr-bersaxen-v6b.at\/index.php\/wp-json\/wp\/v2\/pages\/148"}],"wp:attachment":[{"href":"https:\/\/xn--feuerwehr-bersaxen-v6b.at\/index.php\/wp-json\/wp\/v2\/media?parent=2093"}],"curies":[{"name":"wp","href":"https:\/\/api.w.org\/{rel}","templated":true}]}}