{"id":307,"date":"2018-12-29T15:30:57","date_gmt":"2018-12-29T14:30:57","guid":{"rendered":"http:\/\/xn--feuerwehr-bersaxen-v6b.at\/?page_id=307"},"modified":"2019-08-15T17:25:59","modified_gmt":"2019-08-15T15:25:59","slug":"tankloeschfahrzeug","status":"publish","type":"page","link":"https:\/\/xn--feuerwehr-bersaxen-v6b.at\/index.php\/die-feuerwehr\/fahrzeuge\/tankloeschfahrzeug\/","title":{"rendered":"Tankl\u00f6schfahrzeug TLFA"},"content":{"rendered":"<p><span style=\"font-size: 18pt; font-family: arial, helvetica, sans-serif;\"><strong><u>Technische Daten<\/u><\/strong><\/span><\/p>\n<p>&nbsp;<\/p>\n<table border=\"\\&quot;1\\&quot;\" width=\"\\&quot;525\\&quot;\" cellspacing=\"\\&quot;1\\&quot;\" cellpadding=\"\\&quot;1\\&quot;\">\n<tbody>\n<tr>\n<td><span style=\"font-family: arial, helvetica, sans-serif;\"><strong style=\"font-size: inherit;\">Bezeichnung:<\/strong><\/span><\/td>\n<td><span style=\"font-family: arial, helvetica, sans-serif;\">TLFA 2000<\/span><\/p>\n<div><span style=\"font-family: arial, helvetica, sans-serif; font-size: inherit;\">Tankl\u00f6schfahrzeug mit 2000 Liter Wasser<\/span><\/div>\n<\/td>\n<\/tr>\n<tr>\n<td><span style=\"font-family: arial, helvetica, sans-serif;\"><strong style=\"font-size: inherit;\">Aufbau:<\/strong><\/span><\/td>\n<td><span style=\"font-family: arial, helvetica, sans-serif;\">Rosenbauer, Linz Leonding<\/span><\/td>\n<\/tr>\n<tr>\n<td><span style=\"font-family: arial, helvetica, sans-serif;\"><strong style=\"font-size: inherit;\">Fahrzeugtyp:<\/strong><\/span><\/td>\n<td><span style=\"font-family: arial, helvetica, sans-serif;\">Mercedes Benz ATEGO 1328 AF 4&#215;4<\/span><\/td>\n<\/tr>\n<tr>\n<td><span style=\"font-family: arial, helvetica, sans-serif;\"><strong style=\"font-size: inherit;\">Baujahr:<\/strong><\/span><\/td>\n<td><span style=\"font-family: arial, helvetica, sans-serif;\">10. 2001<\/span><\/td>\n<\/tr>\n<tr>\n<td><span style=\"font-family: arial, helvetica, sans-serif;\"><strong style=\"font-size: inherit;\">Gesamtgewicht:<\/strong><\/span><\/td>\n<td><span style=\"font-family: arial, helvetica, sans-serif;\">14 Tonnen<\/span><\/td>\n<\/tr>\n<tr>\n<td><span style=\"font-family: arial, helvetica, sans-serif;\"><strong style=\"font-size: inherit;\">Motorleistung:<\/strong><\/span><\/td>\n<td><span style=\"font-family: arial, helvetica, sans-serif;\">205 kW 279 PS<\/span><\/td>\n<\/tr>\n<tr>\n<td><span style=\"font-family: arial, helvetica, sans-serif;\"><strong style=\"font-size: inherit;\">Besatzung:<\/strong><\/span><\/td>\n<td><span style=\"font-family: arial, helvetica, sans-serif;\">1 : 8 Mann (1 L\u00f6schgruppe)<\/span><\/td>\n<\/tr>\n<tr>\n<td><span style=\"font-family: arial, helvetica, sans-serif;\"><strong style=\"font-size: inherit;\">Funkrufname:<\/strong><\/span><\/td>\n<td><span style=\"font-family: arial, helvetica, sans-serif;\">\u00dcbersaxen Tank<\/span><\/td>\n<\/tr>\n<tr>\n<td><span style=\"font-family: arial, helvetica, sans-serif;\"><strong style=\"font-size: inherit;\">L\u00f6schmittelvorrat:<\/strong><\/span><\/td>\n<td>\n<div><span style=\"font-family: arial, helvetica, sans-serif;\">2000 Liter L\u00f6schwasser<\/span><\/div>\n<div><span style=\"font-family: arial, helvetica, sans-serif; font-size: inherit;\">80 Liter Schaummittel (Kanister)<\/span><\/div>\n<div><span style=\"font-family: arial, helvetica, sans-serif; font-size: inherit;\">CAFS (DLS) Druckluftschaumanlage 50 Liter<\/span><\/div>\n<\/td>\n<\/tr>\n<tr>\n<td><span style=\"font-family: arial, helvetica, sans-serif;\"><strong style=\"font-size: inherit;\">Pumpenleistung:<\/strong><\/span><\/td>\n<td><span style=\"font-family: arial, helvetica, sans-serif;\">Normleistung: 2400 Liter\/min bei 10 bar<\/span><\/p>\n<div><span style=\"font-family: arial, helvetica, sans-serif; font-size: inherit;\">Maximalleistung: 3000 Liter\/min bei 10 bar<\/span><\/div>\n<\/td>\n<\/tr>\n<tr>\n<td><span style=\"font-family: arial, helvetica, sans-serif;\"><strong style=\"font-size: inherit;\">Besonderheiten:<\/strong><\/span><\/td>\n<td><span style=\"font-family: arial, helvetica, sans-serif;\">3 Atemschutzger\u00e4te<\/span><\/p>\n<div><span style=\"font-family: arial, helvetica, sans-serif; font-size: inherit;\">1 x Hochdruckschnellangriff (60m Haspel)<\/span><\/div>\n<\/td>\n<\/tr>\n<\/tbody>\n<\/table>\n<p>&nbsp;<\/p>\n<p><span style=\"font-family: arial, helvetica, sans-serif; font-size: 12pt;\">Unser Tankl\u00f6schfahrzeug ist haupts\u00e4chlich f\u00fcr Brandeins\u00e4tze ausgelegt, da es \u00fcber einen L\u00f6schwasservorrat von 2000 l verf\u00fcgt. Es r\u00fcckt bei Brandeins\u00e4tzen meist als erstes Fahrzeug aus. Ein dreik\u00f6pfiger Atemschutztrupp kann sich bereits auf der Anfahrt ausr\u00fcsten und bei Ankunft am Einsatzort sofort eingreifen. Neben L\u00f6schangriffen mit Wasser, k\u00f6nnen auch Brandbek\u00e4mpfungen mit Schaumrohren und Pulver- bzw. CO<sub>2&nbsp;<\/sub>L\u00f6schern durchgef\u00fchrt werden.<\/span><\/p>\nngg_shortcode_0_placeholder\n","protected":false},"excerpt":{"rendered":"<p>Technische Daten &nbsp; Bezeichnung: TLFA 2000 Tankl\u00f6schfahrzeug mit 2000 Liter Wasser Aufbau: Rosenbauer, Linz Leonding Fahrzeugtyp: Mercedes Benz ATEGO 1328 AF 4&#215;4 Baujahr: 10. 2001 Gesamtgewicht: 14 Tonnen Motorleistung: 205 kW 279 PS Besatzung: 1 : 8 Mann (1 L\u00f6schgruppe) Funkrufname: \u00dcbersaxen Tank L\u00f6schmittelvorrat: 2000 Liter L\u00f6schwasser 80 Liter Schaummittel (Kanister) CAFS (DLS) Druckluftschaumanlage 50 Liter Pumpenleistung: Normleistung: 2400 Liter\/min<\/p>\n","protected":false},"author":1,"featured_media":0,"parent":139,"menu_order":0,"comment_status":"closed","ping_status":"closed","template":"","meta":{"ngg_post_thumbnail":0,"footnotes":""},"class_list":["post-307","page","type-page","status-publish","hentry"],"_links":{"self":[{"href":"https:\/\/xn--feuerwehr-bersaxen-v6b.at\/index.php\/wp-json\/wp\/v2\/pages\/307","targetHints":{"allow":["GET"]}}],"collection":[{"href":"https:\/\/xn--feuerwehr-bersaxen-v6b.at\/index.php\/wp-json\/wp\/v2\/pages"}],"about":[{"href":"https:\/\/xn--feuerwehr-bersaxen-v6b.at\/index.php\/wp-json\/wp\/v2\/types\/page"}],"author":[{"embeddable":true,"href":"https:\/\/xn--feuerwehr-bersaxen-v6b.at\/index.php\/wp-json\/wp\/v2\/users\/1"}],"replies":[{"embeddable":true,"href":"https:\/\/xn--feuerwehr-bersaxen-v6b.at\/index.php\/wp-json\/wp\/v2\/comments?post=307"}],"version-history":[{"count":9,"href":"https:\/\/xn--feuerwehr-bersaxen-v6b.at\/index.php\/wp-json\/wp\/v2\/pages\/307\/revisions"}],"predecessor-version":[{"id":1383,"href":"https:\/\/xn--feuerwehr-bersaxen-v6b.at\/index.php\/wp-json\/wp\/v2\/pages\/307\/revisions\/1383"}],"up":[{"embeddable":true,"href":"https:\/\/xn--feuerwehr-bersaxen-v6b.at\/index.php\/wp-json\/wp\/v2\/pages\/139"}],"wp:attachment":[{"href":"https:\/\/xn--feuerwehr-bersaxen-v6b.at\/index.php\/wp-json\/wp\/v2\/media?parent=307"}],"curies":[{"name":"wp","href":"https:\/\/api.w.org\/{rel}","templated":true}]}}