{"id":379,"date":"2018-12-30T13:55:11","date_gmt":"2018-12-30T12:55:11","guid":{"rendered":"http:\/\/xn--feuerwehr-bersaxen-v6b.at\/?page_id=379"},"modified":"2019-08-15T17:27:28","modified_gmt":"2019-08-15T15:27:28","slug":"loeschfahrzeug-lfa","status":"publish","type":"page","link":"https:\/\/xn--feuerwehr-bersaxen-v6b.at\/index.php\/die-feuerwehr\/fahrzeuge\/loeschfahrzeug-lfa\/","title":{"rendered":"L\u00f6schfahrzeug LFA"},"content":{"rendered":"<p><span style=\"font-size: 18pt; font-family: arial, helvetica, sans-serif;\"><strong><u>Technische Daten<\/u><\/strong><\/span><\/p>\n<p>&nbsp;<\/p>\n<table border=\"\\&quot;1\\&quot;\" width=\"\\&quot;525\\&quot;\" cellspacing=\"\\&quot;1\\&quot;\" cellpadding=\"\\&quot;1\\&quot;\">\n<tbody>\n<tr>\n<td><span style=\"font-family: arial, helvetica, sans-serif;\"><strong style=\"font-size: inherit;\">Bezeichnung:<\/strong><\/span><\/td>\n<td>\n<div>LFA<\/div>\n<div>L\u00f6schfahrzeug mit Allrad<\/div>\n<\/td>\n<\/tr>\n<tr>\n<td><span style=\"font-family: arial, helvetica, sans-serif;\"><strong style=\"font-size: inherit;\">Aufbau:<\/strong><\/span><\/td>\n<td><span style=\"font-family: arial, helvetica, sans-serif;\">Walser, Vorarlberg \/ Rankweil<\/span><\/td>\n<\/tr>\n<tr>\n<td><span style=\"font-family: arial, helvetica, sans-serif;\"><strong style=\"font-size: inherit;\">Fahrzeugtyp:<\/strong><\/span><\/td>\n<td>\n<div>Iveco Pias 4&#215;4 Daily<\/div>\n<\/td>\n<\/tr>\n<tr>\n<td><span style=\"font-family: arial, helvetica, sans-serif;\"><strong style=\"font-size: inherit;\">Baujahr:<\/strong><\/span><\/td>\n<td><span style=\"font-family: arial, helvetica, sans-serif;\">05. 2011<\/span><\/td>\n<\/tr>\n<tr>\n<td><span style=\"font-family: arial, helvetica, sans-serif;\"><strong style=\"font-size: inherit;\">Gesamtgewicht:<\/strong><\/span><\/td>\n<td><span style=\"font-family: arial, helvetica, sans-serif;\">7,5 Tonnen<\/span><\/td>\n<\/tr>\n<tr>\n<td><span style=\"font-family: arial, helvetica, sans-serif;\"><strong style=\"font-size: inherit;\">Motorleistung:<\/strong><\/span><\/td>\n<td><span style=\"font-family: arial, helvetica, sans-serif;\">125 kW 170 PS<\/span><\/td>\n<\/tr>\n<tr>\n<td><span style=\"font-family: arial, helvetica, sans-serif;\"><strong style=\"font-size: inherit;\">Besatzung:<\/strong><\/span><\/td>\n<td><span style=\"font-family: arial, helvetica, sans-serif;\">1 : 8 Mann (1 L\u00f6schgruppe)<\/span><\/td>\n<\/tr>\n<tr>\n<td><span style=\"font-family: arial, helvetica, sans-serif;\"><strong style=\"font-size: inherit;\">Funkrufname:<\/strong><\/span><\/td>\n<td><span style=\"font-family: arial, helvetica, sans-serif;\">\u00dcbersaxen LF<br \/>\n<\/span><\/td>\n<\/tr>\n<tr>\n<td><span style=\"font-family: arial, helvetica, sans-serif;\"><strong style=\"font-size: inherit;\">L\u00f6schmittelvorrat:<\/strong><\/span><\/td>\n<td>\n<div>40 Liter Schaummittel (Kanister)<\/div>\n<\/td>\n<\/tr>\n<tr>\n<td><span style=\"font-family: arial, helvetica, sans-serif;\"><strong style=\"font-size: inherit;\">Besonderheiten:<\/strong><\/span><\/td>\n<td>\n<div>Ladebordwand<\/div>\n<div>Containersystem<\/div>\n<div>Atemschutz<\/div>\n<div>Hebekissensatz<\/div>\n<div>Tragbares Stromaggregat<\/div>\n<div>Tragkraftspritze Rosenbauer FOX 3 (1600l\/min)<\/div>\n<\/td>\n<\/tr>\n<\/tbody>\n<\/table>\n<div>&nbsp;<\/div>\n<div><span style=\"font-size: 12pt; font-family: arial, helvetica, sans-serif;\">Mit dem neuen Fahrzeug wurden vier Rollcontainer angeschafft, die man je nach Einsatzschwerpunkt im Fahrzeug verladen kann:<\/span><\/div>\n<div>&nbsp;<\/div>\n<div><span style=\"font-size: 12pt; font-family: arial, helvetica, sans-serif;\">Ein Container ist best\u00fcckt mit dem gesamten Material zur Erstellung einer kompletten Saugstelle mit Tragkraftspritze.<\/span><\/div>\n<div><span style=\"font-size: 12pt; font-family: arial, helvetica, sans-serif;\">Ein Container, der standardm\u00e4\u00dfig im Fahrzeug geladen ist, ist leer. Dieser Container wird f\u00fcr schmutziges und gebrauchtes Schlauchmaterial nach einer \u00dcbung oder einem Einsatz verwendet; es k\u00f6nnen nat\u00fcrlich auch andere Materialien damit transportiert werden. <\/span><\/div>\n<div><span style=\"font-size: 12pt; font-family: arial, helvetica, sans-serif;\">Der n\u00e4chste Container ist best\u00fcckt mit Ger\u00e4tschaften und Materialien f\u00fcr einen \u00d6leinsatz, das sind \u00d6lbindemittel, Auffangbeh\u00e4lter und diverses Werkzeug. Der vierte Container ist f\u00fcr Hochwasser-Eins\u00e4tze zusammengestellt. Darin befindet sich eine Schmutzwasserpumpe, zwei Tauchpumpen und das gesamte dazugeh\u00f6renden Equipment. Weiters neu in diesem Fahrzeug ist der pneumatische Hebekissensatz. Dieser beinhaltet drei verschiedene Hebekissen, die mittels einer Sauerstoffflasche aufgeblasen werden k\u00f6nnen. Dies wird verwendet um diverse Gegenst\u00e4nde wie zB Autos zu heben, um Verletzte Personen zu retten.<\/span><\/div>\n<div>\nngg_shortcode_0_placeholder\n<\/div>\n","protected":false},"excerpt":{"rendered":"<p>Technische Daten &nbsp; Bezeichnung: LFA L\u00f6schfahrzeug mit Allrad Aufbau: Walser, Vorarlberg \/ Rankweil Fahrzeugtyp: Iveco Pias 4&#215;4 Daily Baujahr: 05. 2011 Gesamtgewicht: 7,5 Tonnen Motorleistung: 125 kW 170 PS Besatzung: 1 : 8 Mann (1 L\u00f6schgruppe) Funkrufname: \u00dcbersaxen LF L\u00f6schmittelvorrat: 40 Liter Schaummittel (Kanister) Besonderheiten: Ladebordwand Containersystem Atemschutz Hebekissensatz Tragbares Stromaggregat Tragkraftspritze Rosenbauer FOX 3 (1600l\/min) &nbsp; Mit dem neuen<\/p>\n","protected":false},"author":1,"featured_media":0,"parent":139,"menu_order":1,"comment_status":"closed","ping_status":"closed","template":"","meta":{"ngg_post_thumbnail":0,"footnotes":""},"class_list":["post-379","page","type-page","status-publish","hentry"],"_links":{"self":[{"href":"https:\/\/xn--feuerwehr-bersaxen-v6b.at\/index.php\/wp-json\/wp\/v2\/pages\/379","targetHints":{"allow":["GET"]}}],"collection":[{"href":"https:\/\/xn--feuerwehr-bersaxen-v6b.at\/index.php\/wp-json\/wp\/v2\/pages"}],"about":[{"href":"https:\/\/xn--feuerwehr-bersaxen-v6b.at\/index.php\/wp-json\/wp\/v2\/types\/page"}],"author":[{"embeddable":true,"href":"https:\/\/xn--feuerwehr-bersaxen-v6b.at\/index.php\/wp-json\/wp\/v2\/users\/1"}],"replies":[{"embeddable":true,"href":"https:\/\/xn--feuerwehr-bersaxen-v6b.at\/index.php\/wp-json\/wp\/v2\/comments?post=379"}],"version-history":[{"count":11,"href":"https:\/\/xn--feuerwehr-bersaxen-v6b.at\/index.php\/wp-json\/wp\/v2\/pages\/379\/revisions"}],"predecessor-version":[{"id":1384,"href":"https:\/\/xn--feuerwehr-bersaxen-v6b.at\/index.php\/wp-json\/wp\/v2\/pages\/379\/revisions\/1384"}],"up":[{"embeddable":true,"href":"https:\/\/xn--feuerwehr-bersaxen-v6b.at\/index.php\/wp-json\/wp\/v2\/pages\/139"}],"wp:attachment":[{"href":"https:\/\/xn--feuerwehr-bersaxen-v6b.at\/index.php\/wp-json\/wp\/v2\/media?parent=379"}],"curies":[{"name":"wp","href":"https:\/\/api.w.org\/{rel}","templated":true}]}}